{"id":5,"date":"2023-04-01T11:13:06","date_gmt":"2023-04-01T09:13:06","guid":{"rendered":"http:\/\/actionsplussante.fr\/?page_id=5"},"modified":"2024-04-15T14:41:37","modified_gmt":"2024-04-15T12:41:37","slug":"accueil","status":"publish","type":"page","link":"https:\/\/actionsplussante.fr\/","title":{"rendered":"Accueil"},"content":{"rendered":"\n<p class=\"has-text-align-center has-vivid-cyan-blue-color has-text-color has-link-color has-medium-font-size wp-elements-d7faccbcad1bd3c0839f891ef484b91f\">Ehpad, SSIAD, SAD: d\u00e9veloppez les comp\u00e9tences de vos salari\u00e9.es ! <\/p>\n\n\n\n<p class=\"has-text-align-center has-vivid-cyan-blue-color has-text-color has-link-color has-medium-font-size wp-elements-bb07b8019439877c40d3f334c00e98ec\">Vous avez des difficult\u00e9s \u00e0 embaucher du personnel comp\u00e9tent ? Formez-les !<\/p>\n\n\n\n<p><\/p>\n\n\n\n<p class=\"has-text-align-center has-luminous-vivid-orange-color has-text-color has-link-color has-medium-font-size wp-elements-777892ad9e8fc1dafc36443439ad8d98\">Sp\u00e9cial SAAD: Pensez \u00e0 la journ\u00e9e d&#8217;int\u00e9gration pour vos nouveaux collaborateur\/rices. <\/p>\n\n\n\n<p class=\"has-vivid-cyan-blue-color has-text-color has-link-color wp-elements-05632029db11419b895fe2527d27a9af\"><\/p>\n","protected":false},"excerpt":{"rendered":"<p>Ehpad, SSIAD, SAD: d\u00e9veloppez les comp\u00e9tences de vos salari\u00e9.es ! Vous avez des difficult\u00e9s \u00e0 embaucher du personnel comp\u00e9tent ? Formez-les ! Sp\u00e9cial SAAD: Pensez \u00e0 la journ\u00e9e d&#8217;int\u00e9gration pour vos nouveaux collaborateur\/rices.<\/p>\n","protected":false},"author":1,"featured_media":0,"parent":0,"menu_order":0,"comment_status":"closed","ping_status":"closed","template":"","meta":{"footnotes":""},"class_list":["post-5","page","type-page","status-publish","hentry"],"yoast_head":"<!-- This site is optimized with the Yoast SEO plugin v22.4 - https:\/\/yoast.com\/wordpress\/plugins\/seo\/ -->\n<title>Accueil - Actions Plus Sant\u00e9<\/title>\n<meta name=\"description\" content=\"Nous formons vos salari\u00e9s \u00e0 domicile: accompagnement de la personne, entretien, linge. Organisation de journ\u00e9es d&#039;int\u00e9gration des salari\u00e9s.\" \/>\n<meta name=\"robots\" content=\"index, follow, max-snippet:-1, max-image-preview:large, max-video-preview:-1\" \/>\n<link rel=\"canonical\" href=\"https:\/\/actionsplussante.fr\/\" \/>\n<meta property=\"og:locale\" content=\"en_US\" \/>\n<meta property=\"og:type\" content=\"article\" \/>\n<meta property=\"og:title\" content=\"Accueil - Actions Plus Sant\u00e9\" \/>\n<meta property=\"og:description\" content=\"Nous formons vos salari\u00e9s \u00e0 domicile: accompagnement de la personne, entretien, linge. Organisation de journ\u00e9es d&#039;int\u00e9gration des salari\u00e9s.\" \/>\n<meta property=\"og:url\" content=\"https:\/\/actionsplussante.fr\/\" \/>\n<meta property=\"og:site_name\" content=\"Actions Plus Sant\u00e9\" \/>\n<meta property=\"article:modified_time\" content=\"2024-04-15T12:41:37+00:00\" \/>\n<meta name=\"twitter:card\" content=\"summary_large_image\" \/>\n<meta name=\"twitter:label1\" content=\"Est. reading time\" \/>\n\t<meta name=\"twitter:data1\" content=\"1 minute\" \/>\n<script type=\"application\/ld+json\" class=\"yoast-schema-graph\">{\"@context\":\"https:\/\/schema.org\",\"@graph\":[{\"@type\":\"WebPage\",\"@id\":\"https:\/\/actionsplussante.fr\/\",\"url\":\"https:\/\/actionsplussante.fr\/\",\"name\":\"Accueil - Actions Plus Sant\u00e9\",\"isPartOf\":{\"@id\":\"https:\/\/actionsplussante.fr\/#website\"},\"datePublished\":\"2023-04-01T09:13:06+00:00\",\"dateModified\":\"2024-04-15T12:41:37+00:00\",\"description\":\"Nous formons vos salari\u00e9s \u00e0 domicile: accompagnement de la personne, entretien, linge. Organisation de journ\u00e9es d'int\u00e9gration des salari\u00e9s.\",\"breadcrumb\":{\"@id\":\"https:\/\/actionsplussante.fr\/#breadcrumb\"},\"inLanguage\":\"en-US\",\"potentialAction\":[{\"@type\":\"ReadAction\",\"target\":[\"https:\/\/actionsplussante.fr\/\"]}]},{\"@type\":\"BreadcrumbList\",\"@id\":\"https:\/\/actionsplussante.fr\/#breadcrumb\",\"itemListElement\":[{\"@type\":\"ListItem\",\"position\":1,\"name\":\"Home\",\"item\":\"https:\/\/actionsplussante.fr\/\"},{\"@type\":\"ListItem\",\"position\":2,\"name\":\"Accueil\"}]},{\"@type\":\"WebSite\",\"@id\":\"https:\/\/actionsplussante.fr\/#website\",\"url\":\"https:\/\/actionsplussante.fr\/\",\"name\":\"Actions Plus Sant\u00e9\",\"description\":\"Formations sanitaire et social\",\"publisher\":{\"@id\":\"https:\/\/actionsplussante.fr\/#organization\"},\"potentialAction\":[{\"@type\":\"SearchAction\",\"target\":{\"@type\":\"EntryPoint\",\"urlTemplate\":\"https:\/\/actionsplussante.fr\/?s={search_term_string}\"},\"query-input\":\"required name=search_term_string\"}],\"inLanguage\":\"en-US\"},{\"@type\":\"Organization\",\"@id\":\"https:\/\/actionsplussante.fr\/#organization\",\"name\":\"Actions Plus Sant\u00e9\",\"url\":\"https:\/\/actionsplussante.fr\/\",\"logo\":{\"@type\":\"ImageObject\",\"inLanguage\":\"en-US\",\"@id\":\"https:\/\/actionsplussante.fr\/#\/schema\/logo\/image\/\",\"url\":\"https:\/\/actionsplussante.fr\/wp-content\/uploads\/2024\/04\/cropped-logoactionsplussante.jpg\",\"contentUrl\":\"https:\/\/actionsplussante.fr\/wp-content\/uploads\/2024\/04\/cropped-logoactionsplussante.jpg\",\"width\":208,\"height\":208,\"caption\":\"Actions Plus Sant\u00e9\"},\"image\":{\"@id\":\"https:\/\/actionsplussante.fr\/#\/schema\/logo\/image\/\"}}]}<\/script>\n<!-- \/ Yoast SEO plugin. -->","yoast_head_json":{"title":"Accueil - Actions Plus Sant\u00e9","description":"Nous formons vos salari\u00e9s \u00e0 domicile: accompagnement de la personne, entretien, linge. Organisation de journ\u00e9es d'int\u00e9gration des salari\u00e9s.","robots":{"index":"index","follow":"follow","max-snippet":"max-snippet:-1","max-image-preview":"max-image-preview:large","max-video-preview":"max-video-preview:-1"},"canonical":"https:\/\/actionsplussante.fr\/","og_locale":"en_US","og_type":"article","og_title":"Accueil - Actions Plus Sant\u00e9","og_description":"Nous formons vos salari\u00e9s \u00e0 domicile: accompagnement de la personne, entretien, linge. Organisation de journ\u00e9es d'int\u00e9gration des salari\u00e9s.","og_url":"https:\/\/actionsplussante.fr\/","og_site_name":"Actions Plus Sant\u00e9","article_modified_time":"2024-04-15T12:41:37+00:00","twitter_card":"summary_large_image","twitter_misc":{"Est. reading time":"1 minute"},"schema":{"@context":"https:\/\/schema.org","@graph":[{"@type":"WebPage","@id":"https:\/\/actionsplussante.fr\/","url":"https:\/\/actionsplussante.fr\/","name":"Accueil - Actions Plus Sant\u00e9","isPartOf":{"@id":"https:\/\/actionsplussante.fr\/#website"},"datePublished":"2023-04-01T09:13:06+00:00","dateModified":"2024-04-15T12:41:37+00:00","description":"Nous formons vos salari\u00e9s \u00e0 domicile: accompagnement de la personne, entretien, linge. Organisation de journ\u00e9es d'int\u00e9gration des salari\u00e9s.","breadcrumb":{"@id":"https:\/\/actionsplussante.fr\/#breadcrumb"},"inLanguage":"en-US","potentialAction":[{"@type":"ReadAction","target":["https:\/\/actionsplussante.fr\/"]}]},{"@type":"BreadcrumbList","@id":"https:\/\/actionsplussante.fr\/#breadcrumb","itemListElement":[{"@type":"ListItem","position":1,"name":"Home","item":"https:\/\/actionsplussante.fr\/"},{"@type":"ListItem","position":2,"name":"Accueil"}]},{"@type":"WebSite","@id":"https:\/\/actionsplussante.fr\/#website","url":"https:\/\/actionsplussante.fr\/","name":"Actions Plus Sant\u00e9","description":"Formations sanitaire et social","publisher":{"@id":"https:\/\/actionsplussante.fr\/#organization"},"potentialAction":[{"@type":"SearchAction","target":{"@type":"EntryPoint","urlTemplate":"https:\/\/actionsplussante.fr\/?s={search_term_string}"},"query-input":"required name=search_term_string"}],"inLanguage":"en-US"},{"@type":"Organization","@id":"https:\/\/actionsplussante.fr\/#organization","name":"Actions Plus Sant\u00e9","url":"https:\/\/actionsplussante.fr\/","logo":{"@type":"ImageObject","inLanguage":"en-US","@id":"https:\/\/actionsplussante.fr\/#\/schema\/logo\/image\/","url":"https:\/\/actionsplussante.fr\/wp-content\/uploads\/2024\/04\/cropped-logoactionsplussante.jpg","contentUrl":"https:\/\/actionsplussante.fr\/wp-content\/uploads\/2024\/04\/cropped-logoactionsplussante.jpg","width":208,"height":208,"caption":"Actions Plus Sant\u00e9"},"image":{"@id":"https:\/\/actionsplussante.fr\/#\/schema\/logo\/image\/"}}]}},"_links":{"self":[{"href":"https:\/\/actionsplussante.fr\/index.php\/wp-json\/wp\/v2\/pages\/5","targetHints":{"allow":["GET"]}}],"collection":[{"href":"https:\/\/actionsplussante.fr\/index.php\/wp-json\/wp\/v2\/pages"}],"about":[{"href":"https:\/\/actionsplussante.fr\/index.php\/wp-json\/wp\/v2\/types\/page"}],"author":[{"embeddable":true,"href":"https:\/\/actionsplussante.fr\/index.php\/wp-json\/wp\/v2\/users\/1"}],"replies":[{"embeddable":true,"href":"https:\/\/actionsplussante.fr\/index.php\/wp-json\/wp\/v2\/comments?post=5"}],"version-history":[{"count":27,"href":"https:\/\/actionsplussante.fr\/index.php\/wp-json\/wp\/v2\/pages\/5\/revisions"}],"predecessor-version":[{"id":108,"href":"https:\/\/actionsplussante.fr\/index.php\/wp-json\/wp\/v2\/pages\/5\/revisions\/108"}],"wp:attachment":[{"href":"https:\/\/actionsplussante.fr\/index.php\/wp-json\/wp\/v2\/media?parent=5"}],"curies":[{"name":"wp","href":"https:\/\/api.w.org\/{rel}","templated":true}]}}